{"id":1182,"date":"2023-11-01T09:05:09","date_gmt":"2023-11-01T09:05:09","guid":{"rendered":"https:\/\/annettbossin.de\/?page_id=1182"},"modified":"2024-11-27T11:31:58","modified_gmt":"2024-11-27T11:31:58","slug":"spielraum-nach-emmi-pikler","status":"publish","type":"page","link":"https:\/\/annettbossin.de\/?page_id=1182","title":{"rendered":"SpielRaum nach Emmi Pikler"},"content":{"rendered":"\n<div id=\"block-0f7e9539-21ac-4854-8923-99fa33a3dce9\" class=\"wp-block-image is-style-default\"><figure class=\"alignright size-large is-resized\"><a href=\"https:\/\/annettbossin.de\/?page_id=44\"><img loading=\"lazy\" src=\"https:\/\/annettbossin.de\/wp-content\/uploads\/2023\/11\/Unbenannt.jpg\" alt=\"SpielRaum\" class=\"wp-image-1186\" width=\"358\" height=\"300\" srcset=\"https:\/\/annettbossin.de\/wp-content\/uploads\/2023\/11\/Unbenannt.jpg 477w, https:\/\/annettbossin.de\/wp-content\/uploads\/2023\/11\/Unbenannt-300x252.jpg 300w\" sizes=\"(max-width: 358px) 100vw, 358px\" \/><\/a><\/figure><\/div>\n\n\n\n<p>Im SpielRaum wird entsprechend der p\u00e4dagogischen Arbeit des Pikler-Instituts in Budapest das Kind in seinem Spiel mit Zur\u00fcckhaltung und Aufmerksamkeit der Erwachsenen begleitet. Die Auswahl der Spielgegenst\u00e4nde und Kletterger\u00e4te, die sich im Raum befinden, regen es an, seinen eigenen Impulsen zu folgen und selbst\u00e4ndig auf Entdeckungsreise zu gehen. Die Eltern werden hier zu Beobachtern, die das ungest\u00f6rte Spiel ihrer Kinder und die Interaktionen zwischen den Kindern erleben und so noch mehr ihr Kind kennenlernen k\u00f6nnen. In Situationen, die der Begleitung bed\u00fcrfen, bin ich bei den Kindern, zeige M\u00f6glichkeiten des dialogischen Austausches zwischen den Kindern und spiegele das individuelle Erleben jedes Kindes. Diese Begleitung ist wertfrei und f\u00f6rdert die Kinder darin, sich entsprechend ihres Entwicklungsstandes zu verwirklichen und seine eigenen und die Bed\u00fcrfnisse anderer Kinder kennenzulernen. Das achtsame Begleiten der Kinder und ihrer Eltern liegt mir am Herzen. So bleiben die Eltern auch nicht unbeteiligt am Rande: denn mit ihnen gemeinsam zu beobachten und sie an meiner p\u00e4dagogischen Arbeit teilhaben zu lassen, ist mir in jedem SpielRAUM-Treffen wichtig.<\/p>\n\n\n\n<p>Im Moment biete ich diesen Kurs f\u00fcr Eltern mit ihren Kindern an, die in meine Betreuung aufgenommen werden. Einige Pl\u00e4tze stehen dar\u00fcber hinaus zur Verf\u00fcgung. Bitte nehmen Sie mit mir Kontakt auf, wenn Sie das Angebot interessiert.<br><\/p>\n\n\n\n<p id=\"block-46f5b1d5-9b7c-42d8-a059-76875d40f299\"><strong><br><\/strong><a href=\"https:\/\/annettbossin.de\/?page_id=1037(\u00f6ffnet in neuem Tab)\">Informationen<\/a><\/p>\n","protected":false},"excerpt":{"rendered":"<p>Im SpielRaum wird entsprechend der p\u00e4dagogischen Arbeit des Pikler-Instituts in Budapest das Kind in seinem Spiel mit Zur\u00fcckhaltung und Aufmerksamkeit der Erwachsenen begleitet. Die Auswahl der Spielgegenst\u00e4nde und Kletterger\u00e4te, die [&hellip;]<\/p>\n","protected":false},"author":1,"featured_media":0,"parent":0,"menu_order":0,"comment_status":"closed","ping_status":"closed","template":"","meta":[],"_links":{"self":[{"href":"https:\/\/annettbossin.de\/index.php?rest_route=\/wp\/v2\/pages\/1182"}],"collection":[{"href":"https:\/\/annettbossin.de\/index.php?rest_route=\/wp\/v2\/pages"}],"about":[{"href":"https:\/\/annettbossin.de\/index.php?rest_route=\/wp\/v2\/types\/page"}],"author":[{"embeddable":true,"href":"https:\/\/annettbossin.de\/index.php?rest_route=\/wp\/v2\/users\/1"}],"replies":[{"embeddable":true,"href":"https:\/\/annettbossin.de\/index.php?rest_route=%2Fwp%2Fv2%2Fcomments&post=1182"}],"version-history":[{"count":13,"href":"https:\/\/annettbossin.de\/index.php?rest_route=\/wp\/v2\/pages\/1182\/revisions"}],"predecessor-version":[{"id":1457,"href":"https:\/\/annettbossin.de\/index.php?rest_route=\/wp\/v2\/pages\/1182\/revisions\/1457"}],"wp:attachment":[{"href":"https:\/\/annettbossin.de\/index.php?rest_route=%2Fwp%2Fv2%2Fmedia&parent=1182"}],"curies":[{"name":"wp","href":"https:\/\/api.w.org\/{rel}","templated":true}]}}