{"id":1310,"date":"2024-06-19T21:10:50","date_gmt":"2024-06-19T21:10:50","guid":{"rendered":"https:\/\/annettbossin.de\/?page_id=1310"},"modified":"2025-10-07T16:51:57","modified_gmt":"2025-10-07T16:51:57","slug":"hospitationen","status":"publish","type":"page","link":"https:\/\/annettbossin.de\/?page_id=1310","title":{"rendered":"Hospitationen"},"content":{"rendered":"\n<p>Seit April 2024 bin ich vom <a rel=\"noreferrer noopener\" href=\"https:\/\/pikler-verband.org\/pikler-ausbildung\/\" target=\"_blank\">Pikler\u00ae Verband Europa e.V.<\/a> autorisiert, Hospitationsfortbildungen im Rahmen der PIKLER\u00ae &#8211; AUSBILDUNG anzubieten.<\/p>\n\n\n\n<p>M\u00f6glich sind Hospitationen an einzelnen und mehreren Tagen in Folge. <\/p>\n\n\n\n<p>Dies umfasst <\/p>\n\n\n\n<ul><li>ein Vorbereitungsgespr\u00e4ch, <\/li><li>die Beobachtungen meiner p\u00e4dagogischen Arbeit und <\/li><li>die anschlie\u00dfende Reflexion. <\/li><\/ul>\n\n\n\n<p>Der zeitliche Umfang ist von den individuellen Ziel- und Fragestellungen abh\u00e4ngig. <\/p>\n\n\n\n<p>Gern gebe ich auch P\u00e4dagoginnen und P\u00e4dagogen aus Krippen und der Kindertagespflege, Mitarbeitende der kommunalen Verwaltung oder \u00f6ffentlicher Tr\u00e4ger von Kindertageseinrichtungen die M\u00f6glichkeit, die Kleinkindp\u00e4dagogik nach Emmi Pikler in meiner P\u00e4dagogischen Praxis  kennenzulernen. <\/p>\n\n\n\n<p>Bei Interesse, melden Sie sich bitte per email an <a rel=\"noreferrer noopener\" href=\"mailto:info@annettbossin.de\" target=\"_blank\">info@annettbossin.de<\/a>.<\/p>\n\n\n\n<p><\/p>\n","protected":false},"excerpt":{"rendered":"<p>Seit April 2024 bin ich vom Pikler\u00ae Verband Europa e.V. autorisiert, Hospitationsfortbildungen im Rahmen der PIKLER\u00ae &#8211; AUSBILDUNG anzubieten. M\u00f6glich sind Hospitationen an einzelnen und mehreren Tagen in Folge. Dies [&hellip;]<\/p>\n","protected":false},"author":1,"featured_media":0,"parent":0,"menu_order":0,"comment_status":"closed","ping_status":"closed","template":"","meta":[],"_links":{"self":[{"href":"https:\/\/annettbossin.de\/index.php?rest_route=\/wp\/v2\/pages\/1310"}],"collection":[{"href":"https:\/\/annettbossin.de\/index.php?rest_route=\/wp\/v2\/pages"}],"about":[{"href":"https:\/\/annettbossin.de\/index.php?rest_route=\/wp\/v2\/types\/page"}],"author":[{"embeddable":true,"href":"https:\/\/annettbossin.de\/index.php?rest_route=\/wp\/v2\/users\/1"}],"replies":[{"embeddable":true,"href":"https:\/\/annettbossin.de\/index.php?rest_route=%2Fwp%2Fv2%2Fcomments&post=1310"}],"version-history":[{"count":7,"href":"https:\/\/annettbossin.de\/index.php?rest_route=\/wp\/v2\/pages\/1310\/revisions"}],"predecessor-version":[{"id":1512,"href":"https:\/\/annettbossin.de\/index.php?rest_route=\/wp\/v2\/pages\/1310\/revisions\/1512"}],"wp:attachment":[{"href":"https:\/\/annettbossin.de\/index.php?rest_route=%2Fwp%2Fv2%2Fmedia&parent=1310"}],"curies":[{"name":"wp","href":"https:\/\/api.w.org\/{rel}","templated":true}]}}