{"id":234,"date":"2018-03-22T06:23:52","date_gmt":"2018-03-22T06:23:52","guid":{"rendered":"https:\/\/demo.themegrill.com\/radiate\/?page_id=229"},"modified":"2025-08-03T08:55:48","modified_gmt":"2025-08-03T08:55:48","slug":"contact","status":"publish","type":"page","link":"https:\/\/annettbossin.de\/?page_id=234","title":{"rendered":"\u00fcber mich"},"content":{"rendered":"\n<div class=\"wp-block-media-text alignwide is-stacked-on-mobile\"><figure class=\"wp-block-media-text__media\"><img loading=\"lazy\" width=\"1024\" height=\"724\" src=\"https:\/\/annettbossin.de\/wp-content\/uploads\/2021\/04\/614297_original_R_K_B_by_daniel-stricker_pixelio.de_-1024x724.jpg\" alt=\"Balance\" class=\"wp-image-355 size-full\"\/><\/figure><div class=\"wp-block-media-text__content\">\n<p>Die Gegenw\u00e4rtigkeit von Kindern erlebe ich als nat\u00fcrliche Lebendigkeit. Sie ber\u00fchrt mich immer wieder. In meiner p\u00e4dagogischen T\u00e4tigkeit lebt diese und so erleben wir ein achtsames Miteinander; in Beziehung zueinander und mit echtem Interesse aneinander. Daraus entsteht zwischen den Kindern und mir eine Atmosph\u00e4re der Leichtigkeit, des Gl\u00fccks und der Verbundenheit.<br>Deshalb ist f\u00fcr mich die p\u00e4dagogische Arbeit wahrhaftig eine lebendige P\u00e4dagogik \u2013 Es ist ein Balanceakt und ein Tanz zugleich.<\/p>\n\n\n\n<p><\/p>\n\n\n\n<p><\/p>\n<\/div><\/div>\n\n\n\n<p><\/p>\n\n\n\n<div class=\"wp-block-columns\">\n<div class=\"wp-block-column\">\n<p><strong>Beruflicher Werdegang:<\/strong><br>Studium und T\u00e4tigkeit als Dipl.-Ing. f\u00fcr Landschaftsplanung<br>T\u00e4tigkeit als Dozentin in der Erwachsenenbildung<br>Ausbildung zur Waldorfp\u00e4dagogin<br>mehrj\u00e4hrige T\u00e4tigkeit als Lernbegleiterin \/ Co-Lehrerin<br><\/p>\n\n\n\n<p>Seit 2006 Spielgruppenleiterin f\u00fcr Eltern-Kind-Gruppen nach Emmi Pikler, sp\u00e4ter Elfriede Hengstenberg<br>2012 Gr\u00fcndung meiner eigenen P\u00e4dagogischen Praxis<br>2022 Abschluss der Ausbildung zur Kleinkindp\u00e4dagogin und Mitglied im <a rel=\"noreferrer noopener\" href=\"https:\/\/pikler-verband.org\/pikler-paedagoginnen\/\" target=\"_blank\">Pikler-Verband Europa<\/a> e.V.<\/p>\n\n\n\n<p><\/p>\n<\/div>\n\n\n\n<div class=\"wp-block-column\" style=\"flex-basis:350px\">\n<div class=\"wp-block-image is-style-default\"><figure class=\"aligncenter size-large\"><img loading=\"lazy\" width=\"200\" height=\"278\" src=\"https:\/\/annettbossin.de\/wp-content\/uploads\/2025\/08\/Annett_Bossin.jpg\" alt=\"\" class=\"wp-image-1487\"\/><\/figure><\/div>\n<\/div>\n<\/div>\n\n\n\n<p>Seit April 2024 bin ich vom Pikler-Verband Europa autorisiert, <a href=\"https:\/\/pikler-verband.org\/frm_display\/hospitationsorte\/\">Hospitationsfortbildungen <\/a>im Rahmen der PIKLER\u00ae \u2013 AUSBILDUNG anzubieten.<\/p>\n\n\n\n<p> Im Netzwerk des Pikler-Verbandes leite ich die <a rel=\"noreferrer noopener\" href=\"https:\/\/pikler-verband.org\/frm_display\/pikler-regionalgruppen\/\" target=\"_blank\">Regionalgruppe Berlin-Brandenburg<\/a>.<\/p>\n\n\n\n<p><a rel=\"noreferrer noopener\" href=\"https:\/\/annettbossin.de\/wp-content\/uploads\/2025\/08\/PaedagogischesHandwerkszeug.pdf\" target=\"_blank\">Mein p\u00e4dagogisches Handwerkszeug<\/a><\/p>\n\n\n\n<p>Im Rahmen meiner Abschlussarbeit zur Pikler-Kleinkindp\u00e4dagogin<br>erarbeitete ich mein p\u00e4dagogisches Handwerkszeug, dass ich <a rel=\"noreferrer noopener\" href=\"https:\/\/annettbossin.de\/wp-content\/uploads\/2025\/08\/PaedagogischesHandwerkszeug.pdf\" target=\"_blank\">hier <\/a>gern ver\u00f6ffentliche und mir w\u00fcnsche, dass es Eltern, P\u00e4dagogen und allen, die sich um einen achtsamen Umgang mit Kindern bem\u00fchen, n\u00fctzlich werden kann.<\/p>\n\n\n\n<p><\/p>\n\n\n\n<p><br><\/p>\n","protected":false},"excerpt":{"rendered":"<p>Die Gegenw\u00e4rtigkeit von Kindern erlebe ich als nat\u00fcrliche Lebendigkeit. Sie ber\u00fchrt mich immer wieder. In meiner p\u00e4dagogischen T\u00e4tigkeit lebt diese und so erleben wir ein achtsames Miteinander; in Beziehung zueinander [&hellip;]<\/p>\n","protected":false},"author":1,"featured_media":355,"parent":0,"menu_order":0,"comment_status":"closed","ping_status":"closed","template":"","meta":[],"_links":{"self":[{"href":"https:\/\/annettbossin.de\/index.php?rest_route=\/wp\/v2\/pages\/234"}],"collection":[{"href":"https:\/\/annettbossin.de\/index.php?rest_route=\/wp\/v2\/pages"}],"about":[{"href":"https:\/\/annettbossin.de\/index.php?rest_route=\/wp\/v2\/types\/page"}],"author":[{"embeddable":true,"href":"https:\/\/annettbossin.de\/index.php?rest_route=\/wp\/v2\/users\/1"}],"replies":[{"embeddable":true,"href":"https:\/\/annettbossin.de\/index.php?rest_route=%2Fwp%2Fv2%2Fcomments&post=234"}],"version-history":[{"count":53,"href":"https:\/\/annettbossin.de\/index.php?rest_route=\/wp\/v2\/pages\/234\/revisions"}],"predecessor-version":[{"id":1510,"href":"https:\/\/annettbossin.de\/index.php?rest_route=\/wp\/v2\/pages\/234\/revisions\/1510"}],"wp:featuredmedia":[{"embeddable":true,"href":"https:\/\/annettbossin.de\/index.php?rest_route=\/wp\/v2\/media\/355"}],"wp:attachment":[{"href":"https:\/\/annettbossin.de\/index.php?rest_route=%2Fwp%2Fv2%2Fmedia&parent=234"}],"curies":[{"name":"wp","href":"https:\/\/api.w.org\/{rel}","templated":true}]}}