{"id":42,"date":"2014-02-17T14:18:05","date_gmt":"2014-02-17T14:18:05","guid":{"rendered":"http:\/\/demo.themegrill.com\/radiate\/?page_id=42"},"modified":"2025-10-07T16:55:09","modified_gmt":"2025-10-07T16:55:09","slug":"kindertagespflege-wichtelreich","status":"publish","type":"page","link":"https:\/\/annettbossin.de\/?page_id=42","title":{"rendered":"Kinderbetreuung im Wichtelreich"},"content":{"rendered":"\n<p>In meinem &#8222;kleinen Kindergarten&#8220; haben Kinder im Alter von etwa 1 Jahr bis 3 Jahren ein f\u00fcr ihre Bed\u00fcrfnisse gestaltetes Umfeld. Ich bin davon \u00fcberzeugt, dass es die Entwicklung der Kinder in diesem Alter sehr f\u00f6rdert, in einer kleinen Gruppe betreut zu werden. Meine Kindertagespflege ist ein Ort pr\u00e4gender sozialer Erfahrungen und emotionaler Sicherheit.<\/p>\n\n\n\n<figure class=\"wp-block-gallery columns-3 is-cropped\"><ul class=\"blocks-gallery-grid\"><li class=\"blocks-gallery-item\"><figure><img loading=\"lazy\" width=\"300\" height=\"169\" src=\"https:\/\/annettbossin.de\/wp-content\/uploads\/2024\/08\/sand4-300x169.jpg\" alt=\"\" data-id=\"1424\" data-full-url=\"https:\/\/annettbossin.de\/wp-content\/uploads\/2024\/08\/sand4.jpg\" data-link=\"https:\/\/annettbossin.de\/?attachment_id=1424\" class=\"wp-image-1424\" srcset=\"https:\/\/annettbossin.de\/wp-content\/uploads\/2024\/08\/sand4-300x169.jpg 300w, https:\/\/annettbossin.de\/wp-content\/uploads\/2024\/08\/sand4-1024x576.jpg 1024w, https:\/\/annettbossin.de\/wp-content\/uploads\/2024\/08\/sand4-768x432.jpg 768w, https:\/\/annettbossin.de\/wp-content\/uploads\/2024\/08\/sand4-1536x864.jpg 1536w, https:\/\/annettbossin.de\/wp-content\/uploads\/2024\/08\/sand4-2048x1152.jpg 2048w\" sizes=\"(max-width: 300px) 100vw, 300px\" \/><\/figure><\/li><li class=\"blocks-gallery-item\"><figure><img loading=\"lazy\" width=\"300\" height=\"169\" src=\"https:\/\/annettbossin.de\/wp-content\/uploads\/2024\/08\/Garten2-300x169.jpg\" alt=\"\" data-id=\"1422\" data-link=\"https:\/\/annettbossin.de\/?attachment_id=1422\" class=\"wp-image-1422\" srcset=\"https:\/\/annettbossin.de\/wp-content\/uploads\/2024\/08\/Garten2-300x169.jpg 300w, https:\/\/annettbossin.de\/wp-content\/uploads\/2024\/08\/Garten2-1024x576.jpg 1024w, https:\/\/annettbossin.de\/wp-content\/uploads\/2024\/08\/Garten2-768x432.jpg 768w, https:\/\/annettbossin.de\/wp-content\/uploads\/2024\/08\/Garten2-1536x864.jpg 1536w, https:\/\/annettbossin.de\/wp-content\/uploads\/2024\/08\/Garten2-2048x1152.jpg 2048w\" sizes=\"(max-width: 300px) 100vw, 300px\" \/><\/figure><\/li><li class=\"blocks-gallery-item\"><figure><img loading=\"lazy\" width=\"300\" height=\"225\" src=\"https:\/\/annettbossin.de\/wp-content\/uploads\/2024\/08\/Spielraum-1-300x225.jpg\" alt=\"\" data-id=\"1426\" data-full-url=\"https:\/\/annettbossin.de\/wp-content\/uploads\/2024\/08\/Spielraum-1-scaled.jpg\" data-link=\"https:\/\/annettbossin.de\/?attachment_id=1426\" class=\"wp-image-1426\" srcset=\"https:\/\/annettbossin.de\/wp-content\/uploads\/2024\/08\/Spielraum-1-300x225.jpg 300w, https:\/\/annettbossin.de\/wp-content\/uploads\/2024\/08\/Spielraum-1-1024x768.jpg 1024w, https:\/\/annettbossin.de\/wp-content\/uploads\/2024\/08\/Spielraum-1-768x576.jpg 768w, https:\/\/annettbossin.de\/wp-content\/uploads\/2024\/08\/Spielraum-1-1536x1152.jpg 1536w, https:\/\/annettbossin.de\/wp-content\/uploads\/2024\/08\/Spielraum-1-2048x1536.jpg 2048w\" sizes=\"(max-width: 300px) 100vw, 300px\" \/><\/figure><\/li><\/ul><\/figure>\n\n\n\n<p>Um auf die Individualit\u00e4t eines jeden Kindes einzugehen, wird es von mir auf eine achtsame Art beobachtet: ich nehme wahr was und wie es etwas tut, ohne zu bewerten. Auf der Grundlage dieser Beobachtungen gestalte ich die Umgebung zum Spielen und Bewegen. Und ber\u00fccksichtige diesen Blick auf das Kind beim Windeln, Anziehen, Schlafen und F\u00fcttern. Genauso f\u00fchle ich mich in Situationen ein, die im Miteinander zwischen den Kindern einer Begleitung bed\u00fcrfen: achtsam gebe ich jedem Kind die Unterst\u00fctzung, die es gerade braucht. Dabei spielen meine Gesten und auch meine Sprache eine wichtige Rolle. Die Kinder erleben durch mein Einf\u00fchlen in die jeweilige Situation, dass sie gesehen werden, erfahren Unterst\u00fctzung beim Wahrnehmen ihrer Gef\u00fchle und Bed\u00fcrfnisse. Lernen aber auch die Bed\u00fcrfnisse der Anderen zu respektieren. So k\u00f6nnen sich schon die Kleinsten in ihrer Gruppe geborgen f\u00fchlen und entwickeln sehr fr\u00fch ein aufmerksames soziales Bewu\u00dftsein. Das ist in unserem Alltag sp\u00fcrbar. Die Kinder erleben in ihrem Miteinander die Achtsamkeit, die es braucht, um eine tiefe Beziehung einzugehen &#8211; zu mir und zu den anderen Kindern. Das schafft Vertrauen. Wenn sie dann mit 3 bis 4 Jahren in den Kindergarten wechseln, sind sie gest\u00e4rkt f\u00fcr den n\u00e4chsten Schritt in die Welt.<\/p>\n\n\n\n<div class=\"wp-block-columns\">\n<div class=\"wp-block-column\" style=\"flex-basis:100%\">\n<figure class=\"wp-block-pullquote is-style-solid-color\"><blockquote><p>Grundlage f\u00fcr diese Arbeit bieten mir die Erkenntnisse Emmi Piklers. Schon als meine eigenen Kinder noch klein waren, lernte ich die Kleinkindp\u00e4dagogik aus Budapest kennen und erlebte, wie mir diese aus dem Herzen sprach.<\/p><\/blockquote><\/figure>\n<\/div>\n<\/div>\n\n\n\n<figure class=\"wp-block-gallery columns-3 is-cropped\"><ul class=\"blocks-gallery-grid\"><li class=\"blocks-gallery-item\"><figure><img loading=\"lazy\" width=\"200\" height=\"150\" src=\"https:\/\/annettbossin.de\/wp-content\/uploads\/2021\/04\/bauen.jpg\" alt=\"\" data-id=\"388\" data-full-url=\"https:\/\/annettbossin.de\/wp-content\/uploads\/2021\/04\/bauen.jpg\" data-link=\"https:\/\/annettbossin.de\/?attachment_id=388\" class=\"wp-image-388\"\/><\/figure><\/li><li class=\"blocks-gallery-item\"><figure><img loading=\"lazy\" width=\"200\" height=\"150\" src=\"https:\/\/annettbossin.de\/wp-content\/uploads\/2021\/04\/gemeinsam.jpg\" alt=\"\" data-id=\"389\" data-full-url=\"https:\/\/annettbossin.de\/wp-content\/uploads\/2021\/04\/gemeinsam.jpg\" data-link=\"https:\/\/annettbossin.de\/?attachment_id=389\" class=\"wp-image-389\"\/><\/figure><\/li><li class=\"blocks-gallery-item\"><figure><img loading=\"lazy\" width=\"200\" height=\"150\" src=\"https:\/\/annettbossin.de\/wp-content\/uploads\/2021\/04\/entdecken1.jpg\" alt=\"\" data-id=\"390\" data-full-url=\"https:\/\/annettbossin.de\/wp-content\/uploads\/2021\/04\/entdecken1.jpg\" data-link=\"https:\/\/annettbossin.de\/?attachment_id=390\" class=\"wp-image-390\"\/><\/figure><\/li><\/ul><\/figure>\n\n\n\n<p>In Anlehnung an die UN-Kinderrechts-Konvention ver\u00f6ffentlichte eine ungarisch-deutschsprachige Arbeitsgemeinschaft am Pikler-Institut in Budapest schon 2014 die<strong> <\/strong><em><span style=\"text-decoration: underline\" class=\"underline\">Konvention f\u00fcr die Rechte der Kinder in Krippen<\/span><\/em>. Dieser schlie\u00dfe ich mich in meiner p\u00e4dagogischen Arbeit an. <\/p>\n\n\n\n<div class=\"wp-block-file\"><a href=\"https:\/\/annettbossin.de\/wp-content\/uploads\/2021\/04\/Krippenkonvention.pdf\" target=\"_blank\" rel=\"noreferrer noopener\">bitte lesen<\/a><\/div>\n\n\n\n<div class=\"wp-block-buttons alignwide is-content-justification-right\">\n<div class=\"wp-block-button is-style-outline\"><a class=\"wp-block-button__link has-text-color\" href=\"https:\/\/annettbossin.de\/?page_id=412\" style=\"border-radius:18px;color:#1e6b1c\">unser Tagesablauf<\/a><\/div>\n<\/div>\n\n\n\n<p><\/p>\n","protected":false},"excerpt":{"rendered":"<p>Seit 12 Jahren gibt es nun das Wichtelreich in Kleinmachnow. Organisiert als Kindertagespflegestelle mit einer festen Betreuuerin verleben die J\u00fcngsten verl\u00e4sslich ihren kleinen Kindergartenalltag.<\/p>\n","protected":false},"author":1,"featured_media":353,"parent":0,"menu_order":1,"comment_status":"closed","ping_status":"closed","template":"","meta":[],"_links":{"self":[{"href":"https:\/\/annettbossin.de\/index.php?rest_route=\/wp\/v2\/pages\/42"}],"collection":[{"href":"https:\/\/annettbossin.de\/index.php?rest_route=\/wp\/v2\/pages"}],"about":[{"href":"https:\/\/annettbossin.de\/index.php?rest_route=\/wp\/v2\/types\/page"}],"author":[{"embeddable":true,"href":"https:\/\/annettbossin.de\/index.php?rest_route=\/wp\/v2\/users\/1"}],"replies":[{"embeddable":true,"href":"https:\/\/annettbossin.de\/index.php?rest_route=%2Fwp%2Fv2%2Fcomments&post=42"}],"version-history":[{"count":93,"href":"https:\/\/annettbossin.de\/index.php?rest_route=\/wp\/v2\/pages\/42\/revisions"}],"predecessor-version":[{"id":1513,"href":"https:\/\/annettbossin.de\/index.php?rest_route=\/wp\/v2\/pages\/42\/revisions\/1513"}],"wp:featuredmedia":[{"embeddable":true,"href":"https:\/\/annettbossin.de\/index.php?rest_route=\/wp\/v2\/media\/353"}],"wp:attachment":[{"href":"https:\/\/annettbossin.de\/index.php?rest_route=%2Fwp%2Fv2%2Fmedia&parent=42"}],"curies":[{"name":"wp","href":"https:\/\/api.w.org\/{rel}","templated":true}]}}