{"id":44,"date":"2014-02-17T14:19:04","date_gmt":"2014-02-17T14:19:04","guid":{"rendered":"http:\/\/demo.themegrill.com\/radiate\/?page_id=44"},"modified":"2023-11-01T19:38:33","modified_gmt":"2023-11-01T19:38:33","slug":"simple-clean-design","status":"publish","type":"page","link":"https:\/\/annettbossin.de\/?page_id=44","title":{"rendered":"Angebote f\u00fcr Kinder"},"content":{"rendered":"\n<div class=\"wp-block-buttons is-content-justification-center\">\n<div class=\"wp-block-button is-style-outline\"><a class=\"wp-block-button__link has-text-color\" href=\"https:\/\/annettbossin.de\/?page_id=1182\" style=\"border-radius:12px;color:#1e6b1c\">Pikler-SpielRaum<\/a><\/div>\n\n\n\n<div class=\"wp-block-button is-style-outline\"><a class=\"wp-block-button__link has-text-color\" href=\"https:\/\/annettbossin.de\/?page_id=477\" style=\"border-radius:12px;color:#1e6b1c\">HengstenbergTurnen<\/a><\/div>\n\n\n\n<div class=\"wp-block-button is-style-outline\"><a class=\"wp-block-button__link has-text-color\" href=\"https:\/\/annettbossin.de\/?page_id=479\" style=\"border-radius:12px;color:#1e6b1c\">Seil und Baum<\/a><\/div>\n\n\n\n<div class=\"wp-block-button is-style-outline\"><a class=\"wp-block-button__link has-text-color\" href=\"https:\/\/annettbossin.de\/?page_id=481\" style=\"border-radius:12px;color:#1e6b1c\">Sandspiel<\/a><\/div>\n<\/div>\n\n\n\n<p><\/p>\n\n\n\n<hr class=\"wp-block-separator alignfull has-text-color has-background has-black-background-color has-black-color is-style-wide\"\/>\n\n\n\n<p><\/p>\n\n\n\n<p class=\"has-text-align-left\"><strong>F\u00fcr Informationen und Anmeldungen nutzen Sie bitte das Kontaktformular.<\/strong><\/p>\n\n\n<div class=\"wpforms-container wpforms-container-full wpforms-block\" id=\"wpforms-320\"><form id=\"wpforms-form-320\" class=\"wpforms-validate wpforms-form\" data-formid=\"320\" method=\"post\" enctype=\"multipart\/form-data\" action=\"\/index.php?rest_route=%2Fwp%2Fv2%2Fpages%2F44\" data-token=\"ecbbce56bfccab90636357d8a0bae7c5\" data-token-time=\"1776321684\"><noscript class=\"wpforms-error-noscript\">Bitte aktiviere JavaScript in deinem Browser, um dieses Formular fertigzustellen.<\/noscript><div class=\"wpforms-field-container\"><div id=\"wpforms-320-field_0-container\" class=\"wpforms-field wpforms-field-name\" data-field-id=\"0\"><label class=\"wpforms-field-label\">Name <span class=\"wpforms-required-label\">*<\/span><\/label><div class=\"wpforms-field-row wpforms-field-medium\"><div class=\"wpforms-field-row-block wpforms-first wpforms-one-half\"><input type=\"text\" id=\"wpforms-320-field_0\" class=\"wpforms-field-name-first wpforms-field-required\" name=\"wpforms[fields][0][first]\" required><label for=\"wpforms-320-field_0\" class=\"wpforms-field-sublabel after\">Vorname<\/label><\/div><div class=\"wpforms-field-row-block wpforms-one-half\"><input type=\"text\" id=\"wpforms-320-field_0-last\" class=\"wpforms-field-name-last wpforms-field-required\" name=\"wpforms[fields][0][last]\" required><label for=\"wpforms-320-field_0-last\" class=\"wpforms-field-sublabel after\">Nachname<\/label><\/div><\/div><\/div><div id=\"wpforms-320-field_1-container\" class=\"wpforms-field wpforms-field-email\" data-field-id=\"1\"><label class=\"wpforms-field-label\" for=\"wpforms-320-field_1\">E-Mail <span class=\"wpforms-required-label\">*<\/span><\/label><input type=\"email\" id=\"wpforms-320-field_1\" class=\"wpforms-field-medium wpforms-field-required\" name=\"wpforms[fields][1]\" spellcheck=\"false\" required><div class=\"wpforms-field-description\">Bitte geben Sie Ihre e-mail ein, sodass wir in Kontakt bleiben k\u00f6nnen.<\/div><\/div><div id=\"wpforms-320-field_2-container\" class=\"wpforms-field wpforms-field-radio\" data-field-id=\"2\"><label class=\"wpforms-field-label\">Ich interessiere mich f\u00fcr folgendes Angebot <span class=\"wpforms-required-label\">*<\/span><\/label><ul id=\"wpforms-320-field_2\" class=\"wpforms-field-required\"><li class=\"choice-13 depth-1\"><input type=\"radio\" id=\"wpforms-320-field_2_13\" name=\"wpforms[fields][2]\" value=\"Pikler SpielRaum f\u00fcr die J\u00fcngsten\" required ><label class=\"wpforms-field-label-inline\" for=\"wpforms-320-field_2_13\">Pikler SpielRaum f\u00fcr die J\u00fcngsten<\/label><\/li><li class=\"choice-1 depth-1\"><input type=\"radio\" id=\"wpforms-320-field_2_1\" name=\"wpforms[fields][2]\" value=\"HengstenbergTurnen f\u00fcr 2 bis 3-j\u00e4hrige \" required ><label class=\"wpforms-field-label-inline\" for=\"wpforms-320-field_2_1\">HengstenbergTurnen f\u00fcr 2 bis 3-j\u00e4hrige<\/label><\/li><li class=\"choice-11 depth-1\"><input type=\"radio\" id=\"wpforms-320-field_2_11\" name=\"wpforms[fields][2]\" value=\"HengstenbergTurnen f\u00fcr 4 bis 6-j\u00e4hrige\" required ><label class=\"wpforms-field-label-inline\" for=\"wpforms-320-field_2_11\">HengstenbergTurnen f\u00fcr 4 bis 6-j\u00e4hrige<\/label><\/li><li class=\"choice-12 depth-1\"><input type=\"radio\" id=\"wpforms-320-field_2_12\" name=\"wpforms[fields][2]\" value=\"Seil und Baum f\u00fcr Grundschulkinder\" required ><label class=\"wpforms-field-label-inline\" for=\"wpforms-320-field_2_12\">Seil und Baum f\u00fcr Grundschulkinder<\/label><\/li><\/ul><\/div><div id=\"wpforms-320-field_3-container\" class=\"wpforms-field wpforms-field-text\" data-field-id=\"3\"><label class=\"wpforms-field-label\" for=\"wpforms-320-field_3\">Betreff <span class=\"wpforms-required-label\">*<\/span><\/label><input type=\"text\" id=\"wpforms-320-field_3\" class=\"wpforms-field-medium wpforms-field-required\" name=\"wpforms[fields][3]\" required><\/div><div id=\"wpforms-320-field_4-container\" class=\"wpforms-field wpforms-field-textarea\" data-field-id=\"4\"><label class=\"wpforms-field-label\" for=\"wpforms-320-field_4\">Nachricht  <span class=\"wpforms-required-label\">*<\/span><\/label><textarea id=\"wpforms-320-field_4\" class=\"wpforms-field-medium wpforms-field-required\" name=\"wpforms[fields][4]\" required><\/textarea><div class=\"wpforms-field-description\">bitte nennen Sie mir das Alter Ihres\/r Kindes\/r<\/div><\/div><\/div><!-- .wpforms-field-container --><div class=\"wpforms-submit-container\" ><input type=\"hidden\" name=\"wpforms[id]\" value=\"320\"><input type=\"hidden\" name=\"page_title\" value=\"\"><input type=\"hidden\" name=\"page_url\" value=\"https:\/\/annettbossin.de\/index.php?rest_route=\/wp\/v2\/pages\/44\"><input type=\"hidden\" name=\"url_referer\" value=\"\"><button type=\"submit\" name=\"wpforms[submit]\" id=\"wpforms-submit-320\" class=\"wpforms-submit\" data-alt-text=\"Senden...\" data-submit-text=\"Absenden\" aria-live=\"assertive\" value=\"wpforms-submit\">Absenden<\/button><\/div><\/form><\/div>  <!-- .wpforms-container -->","protected":false},"excerpt":{"rendered":"<p>In meinen Kursen erleben die Kinder entdeckend sich und ihre F\u00e4higkeiten, sto\u00dfen an ihre Grenzen und lernen dazu. In diesem Proze\u00df stehe ich ihnen begleitend zur Seite.<\/p>\n","protected":false},"author":1,"featured_media":352,"parent":0,"menu_order":0,"comment_status":"closed","ping_status":"closed","template":"","meta":[],"_links":{"self":[{"href":"https:\/\/annettbossin.de\/index.php?rest_route=\/wp\/v2\/pages\/44"}],"collection":[{"href":"https:\/\/annettbossin.de\/index.php?rest_route=\/wp\/v2\/pages"}],"about":[{"href":"https:\/\/annettbossin.de\/index.php?rest_route=\/wp\/v2\/types\/page"}],"author":[{"embeddable":true,"href":"https:\/\/annettbossin.de\/index.php?rest_route=\/wp\/v2\/users\/1"}],"replies":[{"embeddable":true,"href":"https:\/\/annettbossin.de\/index.php?rest_route=%2Fwp%2Fv2%2Fcomments&post=44"}],"version-history":[{"count":55,"href":"https:\/\/annettbossin.de\/index.php?rest_route=\/wp\/v2\/pages\/44\/revisions"}],"predecessor-version":[{"id":1239,"href":"https:\/\/annettbossin.de\/index.php?rest_route=\/wp\/v2\/pages\/44\/revisions\/1239"}],"wp:featuredmedia":[{"embeddable":true,"href":"https:\/\/annettbossin.de\/index.php?rest_route=\/wp\/v2\/media\/352"}],"wp:attachment":[{"href":"https:\/\/annettbossin.de\/index.php?rest_route=%2Fwp%2Fv2%2Fmedia&parent=44"}],"curies":[{"name":"wp","href":"https:\/\/api.w.org\/{rel}","templated":true}]}}