{"id":479,"date":"2021-04-10T14:52:32","date_gmt":"2021-04-10T14:52:32","guid":{"rendered":"https:\/\/annettbossin.de\/?page_id=479"},"modified":"2024-11-27T17:09:09","modified_gmt":"2024-11-27T17:09:09","slug":"seilbaumbewegungsraum","status":"publish","type":"page","link":"https:\/\/annettbossin.de\/?page_id=479","title":{"rendered":"Seil und Baum"},"content":{"rendered":"\n<div class=\"wp-block-columns\">\n<div class=\"wp-block-column\" style=\"flex-basis:66.66%\">\n<p>Dieser Kurs findet im Wald f\u00fcr Kinder im Grundschulalter ohne elterliche Begleitung statt. Hier entsteht zwischen den B\u00e4umen eine individuelle Bewegungslandschaft aus Seilen und verschiedenen mobilen Kletterelementen, Schaukeln und Br\u00fccken-Parcoure. Sie laden die Kinder ein, sich auszuprobieren. Dabei erlebt jedes Kind seinen K\u00f6rper auf eine besondere Art: die Seile geben nach und wackeln sehr, wenn die innere Ruhe noch nicht ausreicht, um mit Leichtigkeit und Vertrauen zu klettern. Jedes Kind bekommt die Zeit, die es braucht, um in seiner eigenen Geschwindigkeit und entsprechend seines eigenen Verm\u00f6gens zu klettern. Ich begleite die Kinder dabei, selbst aktiv zu sein, vielf\u00e4ltige Bewegungserfahrungen zu machen und gemeinsam Spiele zu entwickeln. Das Miteinander und die Freude stehen dabei im Vordergrund \u2013 nicht der Wettbewerb. Zum Abschluss unserer gemeinsamen Zeit erz\u00e4hle ich ein Natur-M\u00e4rchen aus dem Repertoir verschiedener V\u00f6lker.<\/p>\n\n\n\n<p><strong>Kurstermin: samstags, 10 bis 12 Uhr<\/strong> <br>bestehende Gruppe: November bis Januar <br>weitere Gruppen: Februar bis Juni und Feriengruppen im Sommer 2025<br><strong>findet als Block von 5 Terminen statt<br>Kursort: Kleinmachnow<\/strong><\/p>\n\n\n\n<p><\/p>\n\n\n\n<p><a href=\"https:\/\/annettbossin.de\/?page_id=1037(\u00f6ffnet in neuem Tab)\">Anmeldung<\/a><\/p>\n<\/div>\n\n\n\n<div class=\"wp-block-column\" style=\"flex-basis:33.33%\">\n<figure class=\"wp-block-image size-full\"><a href=\"https:\/\/annettbossin.de\/?page_id=44\"><img loading=\"lazy\" width=\"400\" height=\"446\" src=\"https:\/\/annettbossin.de\/wp-content\/uploads\/2021\/04\/Seil.jpg\" alt=\"\" class=\"wp-image-672\" srcset=\"https:\/\/annettbossin.de\/wp-content\/uploads\/2021\/04\/Seil.jpg 400w, https:\/\/annettbossin.de\/wp-content\/uploads\/2021\/04\/Seil-269x300.jpg 269w\" sizes=\"(max-width: 400px) 100vw, 400px\" \/><\/a><\/figure>\n\n\n\n<p><\/p>\n<\/div>\n<\/div>\n\n\n\n<div class=\"wp-block-buttons is-content-justification-right\">\n<div class=\"wp-block-button is-style-outline\"><a class=\"wp-block-button__link has-text-color\" href=\"https:\/\/annettbossin.de\/?page_id=44\" style=\"border-radius:12px;color:#1e6b1c\">zur\u00fcck<\/a><\/div>\n<\/div>\n\n\n\n<p><\/p>\n","protected":false},"excerpt":{"rendered":"<p>Dieser Kurs findet im Wald f\u00fcr Kinder im Grundschulalter ohne elterliche Begleitung statt. Hier entsteht zwischen den B\u00e4umen eine individuelle Bewegungslandschaft aus Seilen und verschiedenen mobilen Kletterelementen, Schaukeln und Br\u00fccken-Parcoure. [&hellip;]<\/p>\n","protected":false},"author":1,"featured_media":0,"parent":0,"menu_order":0,"comment_status":"closed","ping_status":"closed","template":"","meta":[],"_links":{"self":[{"href":"https:\/\/annettbossin.de\/index.php?rest_route=\/wp\/v2\/pages\/479"}],"collection":[{"href":"https:\/\/annettbossin.de\/index.php?rest_route=\/wp\/v2\/pages"}],"about":[{"href":"https:\/\/annettbossin.de\/index.php?rest_route=\/wp\/v2\/types\/page"}],"author":[{"embeddable":true,"href":"https:\/\/annettbossin.de\/index.php?rest_route=\/wp\/v2\/users\/1"}],"replies":[{"embeddable":true,"href":"https:\/\/annettbossin.de\/index.php?rest_route=%2Fwp%2Fv2%2Fcomments&post=479"}],"version-history":[{"count":22,"href":"https:\/\/annettbossin.de\/index.php?rest_route=\/wp\/v2\/pages\/479\/revisions"}],"predecessor-version":[{"id":1468,"href":"https:\/\/annettbossin.de\/index.php?rest_route=\/wp\/v2\/pages\/479\/revisions\/1468"}],"wp:attachment":[{"href":"https:\/\/annettbossin.de\/index.php?rest_route=%2Fwp%2Fv2%2Fmedia&parent=479"}],"curies":[{"name":"wp","href":"https:\/\/api.w.org\/{rel}","templated":true}]}}