{"id":481,"date":"2021-04-10T14:53:27","date_gmt":"2021-04-10T14:53:27","guid":{"rendered":"https:\/\/annettbossin.de\/?page_id=481"},"modified":"2024-11-27T11:39:54","modified_gmt":"2024-11-27T11:39:54","slug":"sandspielraum","status":"publish","type":"page","link":"https:\/\/annettbossin.de\/?page_id=481","title":{"rendered":"Sandspiel"},"content":{"rendered":"\n<div class=\"wp-block-columns\">\n<div class=\"wp-block-column\" style=\"flex-basis:66.66%\">\n<p>Hier k\u00f6nnen Kinder jeden Alters nach Herzenslust mit Sand, Muscheln und Holz spielen. Daf\u00fcr stehen ihnen verschiedene Arten von Sch\u00fcsseln, Schaufeln, Eimer und Schalen zur Verf\u00fcgung. Wir treffen uns im Sch\u00f6neberger Strandgut, Crellestrasse 19\/20 &#8211; eingerichtet von Ute Strub.<br data-rich-text-line-break=\"true\" \/>Mit dem, was es am Strand zu finden gibt, in einem Raum zu experimentieren, irritiert vielleicht zun\u00e4chst. Aber es ist eine Freude und tiefe Erfahrung, seine Kinder in ihrem Spiel damit zu beobachten und vor allem es auch selbst einmal auszuprobieren.<\/p>\n<p>Bitte nehmen Sie Kontakt mit mir auf, wenn Sie dieses Angebot interessiert.<\/p>\n<p><a href=\"https:\/\/annettbossin.de\/?page_id=1037(\u00f6ffnet in neuem Tab)\" data-rich-text-format-boundary=\"true\" data-wplink-edit=\"true\">Informationen<\/a><\/p>\n<\/div>\n\n\n\n<div class=\"wp-block-column\" style=\"flex-basis:33.33%\">\n<figure class=\"wp-block-image size-full\"><a href=\"https:\/\/annettbossin.de\/?page_id=44\"><img loading=\"lazy\" width=\"450\" height=\"500\" src=\"https:\/\/annettbossin.de\/wp-content\/uploads\/2021\/04\/SandSpiel.jpg\" alt=\"\" class=\"wp-image-673\" srcset=\"https:\/\/annettbossin.de\/wp-content\/uploads\/2021\/04\/SandSpiel.jpg 450w, https:\/\/annettbossin.de\/wp-content\/uploads\/2021\/04\/SandSpiel-270x300.jpg 270w\" sizes=\"(max-width: 450px) 100vw, 450px\" \/><\/a><\/figure>\n<\/div>\n<\/div>\n\n\n\n<div class=\"wp-block-buttons is-content-justification-right\">\n<div class=\"wp-block-button is-style-outline\"><a class=\"wp-block-button__link has-text-color\" href=\"https:\/\/annettbossin.de\/?page_id=44\" style=\"border-radius:12px;color:#1e6b1c\">zur\u00fcck<\/a><\/div>\n<\/div>\n\n\n\n<p><\/p>\n","protected":false},"excerpt":{"rendered":"","protected":false},"author":1,"featured_media":0,"parent":0,"menu_order":0,"comment_status":"closed","ping_status":"closed","template":"","meta":[],"_links":{"self":[{"href":"https:\/\/annettbossin.de\/index.php?rest_route=\/wp\/v2\/pages\/481"}],"collection":[{"href":"https:\/\/annettbossin.de\/index.php?rest_route=\/wp\/v2\/pages"}],"about":[{"href":"https:\/\/annettbossin.de\/index.php?rest_route=\/wp\/v2\/types\/page"}],"author":[{"embeddable":true,"href":"https:\/\/annettbossin.de\/index.php?rest_route=\/wp\/v2\/users\/1"}],"replies":[{"embeddable":true,"href":"https:\/\/annettbossin.de\/index.php?rest_route=%2Fwp%2Fv2%2Fcomments&post=481"}],"version-history":[{"count":11,"href":"https:\/\/annettbossin.de\/index.php?rest_route=\/wp\/v2\/pages\/481\/revisions"}],"predecessor-version":[{"id":1463,"href":"https:\/\/annettbossin.de\/index.php?rest_route=\/wp\/v2\/pages\/481\/revisions\/1463"}],"wp:attachment":[{"href":"https:\/\/annettbossin.de\/index.php?rest_route=%2Fwp%2Fv2%2Fmedia&parent=481"}],"curies":[{"name":"wp","href":"https:\/\/api.w.org\/{rel}","templated":true}]}}