{"id":773,"date":"2021-04-15T11:57:02","date_gmt":"2021-04-15T11:57:02","guid":{"rendered":"https:\/\/annettbossin.de\/?page_id=773"},"modified":"2023-11-25T09:38:17","modified_gmt":"2023-11-25T09:38:17","slug":"elternberatung","status":"publish","type":"page","link":"https:\/\/annettbossin.de\/?page_id=773","title":{"rendered":"Elternberatung"},"content":{"rendered":"\n<p>Manchmal gelingt es nicht im Alltag auf eine neue Idee zu kommen, um Gewohnheiten zu \u00e4ndern. Dann kann der Blick von &#8222;au\u00dfen&#8220; helfen, sei es f\u00fcr gefestigte Abl\u00e4ufe, neue Sichtweisen oder auch kleine r\u00e4umliche Ver\u00e4nderungen. Gern unterst\u00fctze ich Sie mit meinen Erfahrungen.<\/p>\n\n\n\n<p>Gew\u00f6hnlich findet die Elternberatung in meiner Praxis oder nach Absprache auch im Rahmen von Familienbesuchen  statt. <\/p>\n\n\n\n<p>F\u00fcr die Beratungseinheiten ab 2 h rechne ich 30 min\u00fctig ab. Die erste halbe Stunde dient dem Kennenlernen und wird nicht berechnet. <\/p>\n\n\n\n<p>Bitte melden Sie sich bei Interesse unter <a rel=\"noreferrer noopener\" href=\"mailto:info@annettbossin.de\" target=\"_blank\">info@annettbossin.de<\/a>.<\/p>\n\n\n\n<div class=\"wp-block-buttons is-content-justification-right\">\n<div class=\"wp-block-button is-style-outline\"><a class=\"wp-block-button__link has-text-color\" href=\"https:\/\/annettbossin.de\/?page_id=46\" style=\"border-radius:12px;color:#1e6b1c\">zur\u00fcck<\/a><\/div>\n<\/div>\n\n\n\n<p><\/p>\n","protected":false},"excerpt":{"rendered":"<p>Manchmal gelingt es nicht im Alltag auf eine neue Idee zu kommen, um Gewohnheiten zu \u00e4ndern. Dann kann der Blick von &#8222;au\u00dfen&#8220; helfen, sei es f\u00fcr gefestigte Abl\u00e4ufe, neue Sichtweisen [&hellip;]<\/p>\n","protected":false},"author":1,"featured_media":0,"parent":0,"menu_order":0,"comment_status":"closed","ping_status":"closed","template":"","meta":[],"_links":{"self":[{"href":"https:\/\/annettbossin.de\/index.php?rest_route=\/wp\/v2\/pages\/773"}],"collection":[{"href":"https:\/\/annettbossin.de\/index.php?rest_route=\/wp\/v2\/pages"}],"about":[{"href":"https:\/\/annettbossin.de\/index.php?rest_route=\/wp\/v2\/types\/page"}],"author":[{"embeddable":true,"href":"https:\/\/annettbossin.de\/index.php?rest_route=\/wp\/v2\/users\/1"}],"replies":[{"embeddable":true,"href":"https:\/\/annettbossin.de\/index.php?rest_route=%2Fwp%2Fv2%2Fcomments&post=773"}],"version-history":[{"count":16,"href":"https:\/\/annettbossin.de\/index.php?rest_route=\/wp\/v2\/pages\/773\/revisions"}],"predecessor-version":[{"id":1285,"href":"https:\/\/annettbossin.de\/index.php?rest_route=\/wp\/v2\/pages\/773\/revisions\/1285"}],"wp:attachment":[{"href":"https:\/\/annettbossin.de\/index.php?rest_route=%2Fwp%2Fv2%2Fmedia&parent=773"}],"curies":[{"name":"wp","href":"https:\/\/api.w.org\/{rel}","templated":true}]}}