{"id":775,"date":"2021-04-15T11:57:17","date_gmt":"2021-04-15T11:57:17","guid":{"rendered":"https:\/\/annettbossin.de\/?page_id=775"},"modified":"2024-09-15T17:37:29","modified_gmt":"2024-09-15T17:37:29","slug":"seminare","status":"publish","type":"page","link":"https:\/\/annettbossin.de\/?page_id=775","title":{"rendered":"Seminare"},"content":{"rendered":"\n<p class=\"has-text-align-right\"><a href=\"https:\/\/annettbossin.de\/?page_id=1077\">Anfrage senden<\/a><\/p>\n\n\n\n<p>Wollen wir unsere Kinder wirklich sehen, wie sie sind?<br>Wie k\u00f6nnen wir sie auf ihrem Weg so begleiten, wie sie es brauchen?<br>Um ihnen gerecht zu werden, m\u00fcssen wir eine Sichtweise entwickeln, die die heutige Generation von uns einfordert. Dies bedarf der \u00dcbung einer herzverbundenen Sprache und der Auseinandersetzung mit unseren eigenen, meist unbewu\u00dften Wertvorstellungen.<br>Grundlage der Seminararbeit bilden neben meinen pers\u00f6nlichen Erfahrungen insbesondere die Pikler-P\u00e4dagogik, die Arbeiten von Jesper Juul und Heinrich Jacoby sowie Marshall Rosenberg.<\/p>\n\n\n\n<p><br>Die Seminare finden mit folgenden Schwerpunkten statt:   <\/p>\n\n\n\n<p>Seminar 1 \u2013 <em>von unseren Kindern lernen<\/em> <a href=\"mailto:info@annettbossin.de\" data-type=\"mailto\" data-id=\"mailto:info@annettbossin.de\"> <\/a><br>Seminar 2 \u2013 <em>f\u00fchren und vertrauen<\/em> <br>Seminar 3 \u2013 <em>bedingungslos lieben<\/em><br>Seminar 4 \u2013 <em>Konflikte neu angehen<\/em> <br>Seminar 5 \u2013 <em>Wut und Angst begleiten<\/em><\/p>\n\n\n\n<p><strong>NEU <\/strong>           Seminar 6 \u2013 <em>Anregungen zu<\/em> <em>Spiel- und Bewegung<\/em>serfahrungen des Kindes             <br><strong>                     <\/strong>Seminar 7 \u2013 <em>Anregungen zu<\/em> <em>Sprechen und Singen mit dem kleinen Kind<\/em>                  <strong>NEU<\/strong><\/p>\n\n\n\n<p><\/p>\n\n\n\n<p><\/p>\n\n\n\n<p>Jedes Seminar findet  zu folgenden Zeiten statt:<br>freitags 19:00 bis 21:00 Uhr<br>samstags 14:00 bis 20:00 Uhr<br>das sind insges. 8 Stunden<br>zur Vertiefung besteht die M\u00f6glichkeit Einzelgespr\u00e4che zu vereinbaren<\/p>\n\n\n\n<p>Bei der Buchung mehrer Seminare wird ein gro\u00dfz\u00fcgiger Rabatt gew\u00e4hrt<\/p>\n\n\n\n<p>Kurskosten: 80 \u20ac pro Seminar bei maximal 5 Teilnehmenden<br>Kursort: Kleinmachnow<\/p>\n\n\n\n<p><\/p>\n\n\n\n<p><\/p>\n\n\n\n<p><\/p>\n\n\n\n<div class=\"wp-block-buttons is-content-justification-right\">\n<div class=\"wp-block-button is-style-outline\"><a class=\"wp-block-button__link has-text-color\" href=\"https:\/\/annettbossin.de\/?page_id=46\" style=\"border-radius:12px;color:#1e6b1c\">zur\u00fcck<\/a><\/div>\n<\/div>\n\n\n\n<p><\/p>\n\n\n\n<p><\/p>\n","protected":false},"excerpt":{"rendered":"<p>Anfrage senden Wollen wir unsere Kinder wirklich sehen, wie sie sind?Wie k\u00f6nnen wir sie auf ihrem Weg so begleiten, wie sie es brauchen?Um ihnen gerecht zu werden, m\u00fcssen wir eine [&hellip;]<\/p>\n","protected":false},"author":1,"featured_media":0,"parent":0,"menu_order":0,"comment_status":"closed","ping_status":"closed","template":"","meta":[],"_links":{"self":[{"href":"https:\/\/annettbossin.de\/index.php?rest_route=\/wp\/v2\/pages\/775"}],"collection":[{"href":"https:\/\/annettbossin.de\/index.php?rest_route=\/wp\/v2\/pages"}],"about":[{"href":"https:\/\/annettbossin.de\/index.php?rest_route=\/wp\/v2\/types\/page"}],"author":[{"embeddable":true,"href":"https:\/\/annettbossin.de\/index.php?rest_route=\/wp\/v2\/users\/1"}],"replies":[{"embeddable":true,"href":"https:\/\/annettbossin.de\/index.php?rest_route=%2Fwp%2Fv2%2Fcomments&post=775"}],"version-history":[{"count":45,"href":"https:\/\/annettbossin.de\/index.php?rest_route=\/wp\/v2\/pages\/775\/revisions"}],"predecessor-version":[{"id":1449,"href":"https:\/\/annettbossin.de\/index.php?rest_route=\/wp\/v2\/pages\/775\/revisions\/1449"}],"wp:attachment":[{"href":"https:\/\/annettbossin.de\/index.php?rest_route=%2Fwp%2Fv2%2Fmedia&parent=775"}],"curies":[{"name":"wp","href":"https:\/\/api.w.org\/{rel}","templated":true}]}}