{"id":777,"date":"2021-04-15T11:57:34","date_gmt":"2021-04-15T11:57:34","guid":{"rendered":"https:\/\/annettbossin.de\/?page_id=777"},"modified":"2021-12-04T20:30:14","modified_gmt":"2021-12-04T20:30:14","slug":"spielzeit","status":"publish","type":"page","link":"https:\/\/annettbossin.de\/?page_id=777","title":{"rendered":"Spielzeit"},"content":{"rendered":"\n<p>Hengstenberg-Turnen f\u00fcr Erwachsene<\/p>\n\n\n\n<p>Wer das vertiefte und freudige Erleben seiner Kinder im Spiel und in seiner Bewegung beobachtet, sehnt sich schnell danach, genauso in diese Welt der Pr\u00e4senz im Hier und Jetzt einzutauchen. <\/p>\n\n\n\n<p>Das Hengstenberg-Turnen f\u00fcr Erwachsene findet ohne Kinder in den Abendstunden statt. Jede\/r Teilnehmer\/in bekommt nach einer kurzen Einf\u00fchrung ausreichend Zeit, in einer sicheren Umgebung an selbst gew\u00e4hlten Stationen mit geschlossenen Augen zu experimentieren. Diese Art des Entdeckens f\u00fchrt zu sensiblen Wahrnehmungen der eigenen inneren Welt. Es ist ein Spiel mit dem Gleichgewicht. Voraussetzung dazu ist die Offenheit f\u00fcr ganz individuelle Erfahrungen. Durch das Ausprobieren werden in Ihnen Erinnerungen wach werden, vielleicht werden Sie auch eigene Grenzen erleben und wahrscheinlich immer wieder bemerken, wie sich alles wandelt. Das schafft eine wunderbare Grundlage, um noch gelassener, vertrauensvoller und gl\u00fccklicher den Alltag zu meistern.<\/p>\n\n\n\n<p>Bitte melden Sie sich bei Interesse unter <a rel=\"noreferrer noopener\" href=\"mailto:info@annettbossin.de\" target=\"_blank\">info@annettbossin.de<\/a> <\/p>\n\n\n\n<div class=\"wp-block-buttons is-content-justification-right\">\n<div class=\"wp-block-button is-style-outline\"><a class=\"wp-block-button__link has-text-color\" href=\"https:\/\/annettbossin.de\/?page_id=46\" style=\"border-radius:12px;color:#1e6b1c\">zur\u00fcck<\/a><\/div>\n<\/div>\n","protected":false},"excerpt":{"rendered":"<p>Hengstenberg-Turnen f\u00fcr Erwachsene Wer das vertiefte und freudige Erleben seiner Kinder im Spiel und in seiner Bewegung beobachtet, sehnt sich schnell danach, genauso in diese Welt der Pr\u00e4senz im Hier [&hellip;]<\/p>\n","protected":false},"author":1,"featured_media":0,"parent":0,"menu_order":0,"comment_status":"closed","ping_status":"closed","template":"","meta":[],"_links":{"self":[{"href":"https:\/\/annettbossin.de\/index.php?rest_route=\/wp\/v2\/pages\/777"}],"collection":[{"href":"https:\/\/annettbossin.de\/index.php?rest_route=\/wp\/v2\/pages"}],"about":[{"href":"https:\/\/annettbossin.de\/index.php?rest_route=\/wp\/v2\/types\/page"}],"author":[{"embeddable":true,"href":"https:\/\/annettbossin.de\/index.php?rest_route=\/wp\/v2\/users\/1"}],"replies":[{"embeddable":true,"href":"https:\/\/annettbossin.de\/index.php?rest_route=%2Fwp%2Fv2%2Fcomments&post=777"}],"version-history":[{"count":10,"href":"https:\/\/annettbossin.de\/index.php?rest_route=\/wp\/v2\/pages\/777\/revisions"}],"predecessor-version":[{"id":1009,"href":"https:\/\/annettbossin.de\/index.php?rest_route=\/wp\/v2\/pages\/777\/revisions\/1009"}],"wp:attachment":[{"href":"https:\/\/annettbossin.de\/index.php?rest_route=%2Fwp%2Fv2%2Fmedia&parent=777"}],"curies":[{"name":"wp","href":"https:\/\/api.w.org\/{rel}","templated":true}]}}